{"id":22547,"date":"2025-03-12T18:43:44","date_gmt":"2025-03-12T17:43:44","guid":{"rendered":"https:\/\/cliniccenter.eu\/?page_id=22547"},"modified":"2025-03-12T19:21:46","modified_gmt":"2025-03-12T18:21:46","slug":"cardiologia","status":"publish","type":"page","link":"https:\/\/cliniccenter.eu\/cardiologia\/","title":{"rendered":"Cardiologia"},"content":{"rendered":"\t\t<div data-elementor-type=\"wp-page\" data-elementor-id=\"22547\" class=\"elementor elementor-22547\">\n\t\t\t\t\t\t<section class=\"elementor-section elementor-top-section elementor-element elementor-element-beba86b elementor-section-boxed elementor-section-height-default elementor-section-height-default\" data-id=\"beba86b\" data-element_type=\"section\" data-e-type=\"section\">\n\t\t\t\t\t\t<div class=\"elementor-container elementor-column-gap-default\">\n\t\t\t\t\t<div class=\"elementor-column elementor-col-100 elementor-top-column elementor-element elementor-element-11fa261\" data-id=\"11fa261\" data-element_type=\"column\" data-e-type=\"column\">\n\t\t\t<div class=\"elementor-widget-wrap elementor-element-populated\">\n\t\t\t\t\t\t<div class=\"elementor-element elementor-element-e1eeb93 elementor-widget elementor-widget-heading\" data-id=\"e1eeb93\" data-element_type=\"widget\" data-e-type=\"widget\" data-widget_type=\"heading.default\">\n\t\t\t\t<div class=\"elementor-widget-container\">\n\t\t\t\t\t<h2 class=\"elementor-heading-title elementor-size-default\">CARDIOLOGIA<\/h2>\t\t\t\t<\/div>\n\t\t\t\t<\/div>\n\t\t\t\t\t<\/div>\n\t\t<\/div>\n\t\t\t\t\t<\/div>\n\t\t<\/section>\n\t\t\t\t<section class=\"elementor-section elementor-top-section elementor-element elementor-element-a77cfd5 elementor-section-boxed elementor-section-height-default elementor-section-height-default\" data-id=\"a77cfd5\" data-element_type=\"section\" data-e-type=\"section\">\n\t\t\t\t\t\t<div class=\"elementor-container elementor-column-gap-default\">\n\t\t\t\t\t<div class=\"elementor-column elementor-col-66 elementor-top-column elementor-element elementor-element-f561156\" data-id=\"f561156\" data-element_type=\"column\" data-e-type=\"column\">\n\t\t\t<div class=\"elementor-widget-wrap elementor-element-populated\">\n\t\t\t\t\t\t<div class=\"elementor-element elementor-element-a46f8fa elementor-widget elementor-widget-image\" data-id=\"a46f8fa\" data-element_type=\"widget\" data-e-type=\"widget\" data-widget_type=\"image.default\">\n\t\t\t\t<div class=\"elementor-widget-container\">\n\t\t\t\t\t\t\t\t\t\t\t\t\t\t\t<img fetchpriority=\"high\" decoding=\"async\" width=\"900\" height=\"601\" src=\"https:\/\/cliniccenter.eu\/wp-content\/uploads\/2019\/10\/cardiogram-chart-with-red-heart-and-stethoscope-P78HKPW-min.jpg\" class=\"attachment-large size-large wp-image-15670\" alt=\"\" srcset=\"https:\/\/cliniccenter.eu\/wp-content\/uploads\/2019\/10\/cardiogram-chart-with-red-heart-and-stethoscope-P78HKPW-min.jpg 900w, https:\/\/cliniccenter.eu\/wp-content\/uploads\/2019\/10\/cardiogram-chart-with-red-heart-and-stethoscope-P78HKPW-min-300x200.jpg 300w, https:\/\/cliniccenter.eu\/wp-content\/uploads\/2019\/10\/cardiogram-chart-with-red-heart-and-stethoscope-P78HKPW-min-768x513.jpg 768w, https:\/\/cliniccenter.eu\/wp-content\/uploads\/2019\/10\/cardiogram-chart-with-red-heart-and-stethoscope-P78HKPW-min-580x387.jpg 580w, https:\/\/cliniccenter.eu\/wp-content\/uploads\/2019\/10\/cardiogram-chart-with-red-heart-and-stethoscope-P78HKPW-min-860x574.jpg 860w\" sizes=\"(max-width: 900px) 100vw, 900px\" \/>\t\t\t\t\t\t\t\t\t\t\t\t\t\t\t<\/div>\n\t\t\t\t<\/div>\n\t\t\t\t<div class=\"elementor-element elementor-element-4b404cb elementor-widget elementor-widget-text-editor\" data-id=\"4b404cb\" data-element_type=\"widget\" data-e-type=\"widget\" data-widget_type=\"text-editor.default\">\n\t\t\t\t<div class=\"elementor-widget-container\">\n\t\t\t\t\t\t\t\t\t<div>L\u2019Organizzazione Mondiale della Sanit\u00e0 (OMS) ha definito la cardiologia riabilitativa (CR) come un processo multifattoriale attivo e dinamico. Tale processo ha il fine di favorire la stabilit\u00e0 clinica, di ridurre le disabilit\u00e0 conseguenti alla malattia, di sostenere il mantenimento e la ripresa di un ruolo attivo del paziente nella societ\u00e0. Ulteriore obiettivo \u00e8 quello di ridurre il rischio di successivi eventi cardiovascolari, di migliorare la qualit\u00e0 della vita e di incidere complessivamente in modo positivo sulla sopravvivenza.<\/div><div>L\u2019infarto acuto del miocardio colpisce persone spesso giovani, in maniera improvvisa e inattesa. Compito del medico \u00e8 di ottimizzare il trattamento terapeutico al fine di consentire al paziente un valido ripristino dell\u2019efficienza fisica e psicologica.<\/div><div>Le implicazioni psicologiche di un evento potenzialmente drammatico devono essere attentamente considerate dal cardiologo che da un lato deve informare e rassicurare il paziente su quanto gli \u00e8 accaduto, dall\u2019altro deve, rivedendo insieme a lui lo stile di vita. Valutati attentamente i fattori di rischio, con la convinta partecipazione del paziente, potr\u00e0 cos\u00ec costruire un programma riabilitativo completo.<\/div><div>Allo stato attuale, si ritiene che l\u2019efficacia di una riabilitazione cardiaca sia dovuta a un adeguato intervento clinico, a interventi psicologici e riabilitativi, e a un serio programma di esercizio fisico.<\/div><div>In\u00a0una sezione specifica,\u00a0saranno pubblicate\u00a0le linee guida inerenti l\u2019intero processo riabilitativo, nelle quali saranno evidenziati tutti i fattori d\u2019interesse\u00a0in particolare:<br \/>-Il contesto sanitario nazionale;<br \/>-Le componenti dell\u2019intervento riabilitativo;<br \/>-Il programma di riabilitazione;<br \/>-I modelli organizzativi di riabilitazione cardiologica.<\/div>\t\t\t\t\t\t\t\t<\/div>\n\t\t\t\t<\/div>\n\t\t\t\t\t<\/div>\n\t\t<\/div>\n\t\t\t\t<div class=\"elementor-column elementor-col-33 elementor-top-column elementor-element elementor-element-c304b3c\" data-id=\"c304b3c\" data-element_type=\"column\" data-e-type=\"column\">\n\t\t\t<div class=\"elementor-widget-wrap elementor-element-populated\">\n\t\t\t\t\t\t<section class=\"elementor-section elementor-inner-section elementor-element elementor-element-d9334b2 elementor-section-boxed elementor-section-height-default elementor-section-height-default\" data-id=\"d9334b2\" data-element_type=\"section\" data-e-type=\"section\">\n\t\t\t\t\t\t<div class=\"elementor-container elementor-column-gap-default\">\n\t\t\t\t\t<div class=\"elementor-column elementor-col-100 elementor-inner-column elementor-element elementor-element-f535a32\" data-id=\"f535a32\" data-element_type=\"column\" data-e-type=\"column\" data-settings=\"{&quot;background_background&quot;:&quot;classic&quot;}\">\n\t\t\t<div class=\"elementor-widget-wrap elementor-element-populated\">\n\t\t\t\t\t\t<div class=\"elementor-element elementor-element-5042ef6 elementor-widget elementor-widget-text-editor\" data-id=\"5042ef6\" data-element_type=\"widget\" data-e-type=\"widget\" data-widget_type=\"text-editor.default\">\n\t\t\t\t<div class=\"elementor-widget-container\">\n\t\t\t\t\t\t\t\t\t<aside id=\"custom-colored-text-12\" class=\"widget widget_custom_colored_text_entries\"><div class=\"widget_colored_cell\"><div class=\"widget_colored_cell_inner\"><h3 class=\"widgettitle\">Ingresso visitatori<\/h3><div class=\"cmsmasters_widget_departments\"><ul><li>&#8211; dalle 12:30 alle 14:30<br \/>&#8211; dalle 17:00 alle 19:00<\/li><\/ul><\/div><\/div><\/div><\/aside><aside id=\"custom-colored-text-14\" class=\"widget widget_custom_colored_text_entries\"><\/aside>\t\t\t\t\t\t\t\t<\/div>\n\t\t\t\t<\/div>\n\t\t\t\t\t<\/div>\n\t\t<\/div>\n\t\t\t\t\t<\/div>\n\t\t<\/section>\n\t\t\t\t<section class=\"elementor-section elementor-inner-section elementor-element elementor-element-54d9903 elementor-section-boxed elementor-section-height-default elementor-section-height-default\" data-id=\"54d9903\" data-element_type=\"section\" data-e-type=\"section\">\n\t\t\t\t\t\t<div class=\"elementor-container elementor-column-gap-default\">\n\t\t\t\t\t<div class=\"elementor-column elementor-col-100 elementor-inner-column elementor-element elementor-element-f103014\" data-id=\"f103014\" data-element_type=\"column\" data-e-type=\"column\" data-settings=\"{&quot;background_background&quot;:&quot;classic&quot;}\">\n\t\t\t<div class=\"elementor-widget-wrap elementor-element-populated\">\n\t\t\t\t\t\t<div class=\"elementor-element elementor-element-e5867c8 elementor-widget elementor-widget-text-editor\" data-id=\"e5867c8\" data-element_type=\"widget\" data-e-type=\"widget\" data-widget_type=\"text-editor.default\">\n\t\t\t\t<div class=\"elementor-widget-container\">\n\t\t\t\t\t\t\t\t\t<aside id=\"custom-colored-text-12\" class=\"widget widget_custom_colored_text_entries\"><div class=\"widget_colored_cell\"><div class=\"widget_colored_cell_inner\"><h3 class=\"widgettitle\">Recapiti<\/h3><div class=\"cmsmasters_widget_departments\"><ul><li><span class=\"cmsmasters-icon-location-3\">Viale Maria Bakunin, 171<\/span><\/li><li><span class=\"cmsmasters-icon-mail-3\">info@cliniccenter.it<\/span><\/li><li><span class=\"cmsmasters-icon-phone-4\">081.728.31.44<\/span><\/li><li><span class=\"cmsmasters-icon-phone-4\">800.19.48.48 Numero verde<\/span><\/li><\/ul><\/div><\/div><\/div><\/aside>\t\t\t\t\t\t\t\t<\/div>\n\t\t\t\t<\/div>\n\t\t\t\t\t<\/div>\n\t\t<\/div>\n\t\t\t\t\t<\/div>\n\t\t<\/section>\n\t\t\t\t<section class=\"elementor-section elementor-inner-section elementor-element elementor-element-91d22d7 elementor-section-boxed elementor-section-height-default elementor-section-height-default\" data-id=\"91d22d7\" data-element_type=\"section\" data-e-type=\"section\">\n\t\t\t\t\t\t<div class=\"elementor-container elementor-column-gap-default\">\n\t\t\t\t\t<div class=\"elementor-column elementor-col-100 elementor-inner-column elementor-element elementor-element-eedbc14\" data-id=\"eedbc14\" data-element_type=\"column\" data-e-type=\"column\" data-settings=\"{&quot;background_background&quot;:&quot;classic&quot;}\">\n\t\t\t<div class=\"elementor-widget-wrap elementor-element-populated\">\n\t\t\t\t\t\t<div class=\"elementor-element elementor-element-8dcf7be elementor-widget elementor-widget-text-editor\" data-id=\"8dcf7be\" data-element_type=\"widget\" data-e-type=\"widget\" data-widget_type=\"text-editor.default\">\n\t\t\t\t<div class=\"elementor-widget-container\">\n\t\t\t\t\t\t\t\t\t<aside id=\"custom-colored-text-12\" class=\"widget widget_custom_colored_text_entries\"><div class=\"widget_colored_cell\"><div class=\"widget_colored_cell_inner\"><h3 class=\"widgettitle\">Aree riabilitative<\/h3><div class=\"cmsmasters_widget_departments cmsmasters_dep_list\"><ul><li><a href=\"https:\/\/cliniccenter.eu\/index.php\/cardiologia\/\">Cardiologia<\/a><\/li><li><a href=\"https:\/\/cliniccenter.eu\/index.php\/neurologia\/\">Neurologia<\/a><\/li><li><a href=\"https:\/\/cliniccenter.eu\/index.php\/ortopedia\/\">Ortopedia<\/a><\/li><li><a href=\"https:\/\/cliniccenter.eu\/index.php\/pneumologia\/\">Pneumologia<\/a><\/li><li><a href=\"https:\/\/cliniccenter.eu\/index.php\/geriatria\/\">Geriatria<\/a><\/li><\/ul><\/div><\/div><\/div><\/aside>\t\t\t\t\t\t\t\t<\/div>\n\t\t\t\t<\/div>\n\t\t\t\t\t<\/div>\n\t\t<\/div>\n\t\t\t\t\t<\/div>\n\t\t<\/section>\n\t\t\t\t\t<\/div>\n\t\t<\/div>\n\t\t\t\t\t<\/div>\n\t\t<\/section>\n\t\t\t\t<section class=\"elementor-section elementor-top-section elementor-element elementor-element-2760f5c elementor-section-boxed elementor-section-height-default elementor-section-height-default\" data-id=\"2760f5c\" data-element_type=\"section\" data-e-type=\"section\">\n\t\t\t\t\t\t<div class=\"elementor-container elementor-column-gap-default\">\n\t\t\t\t\t<div class=\"elementor-column elementor-col-100 elementor-top-column elementor-element elementor-element-584b6ac\" data-id=\"584b6ac\" data-element_type=\"column\" data-e-type=\"column\">\n\t\t\t<div class=\"elementor-widget-wrap elementor-element-populated\">\n\t\t\t\t\t\t<div class=\"elementor-element elementor-element-229dd7e elementor-widget elementor-widget-spacer\" data-id=\"229dd7e\" data-element_type=\"widget\" data-e-type=\"widget\" data-widget_type=\"spacer.default\">\n\t\t\t\t<div class=\"elementor-widget-container\">\n\t\t\t\t\t\t\t<div class=\"elementor-spacer\">\n\t\t\t<div class=\"elementor-spacer-inner\"><\/div>\n\t\t<\/div>\n\t\t\t\t\t\t<\/div>\n\t\t\t\t<\/div>\n\t\t\t\t\t<\/div>\n\t\t<\/div>\n\t\t\t\t\t<\/div>\n\t\t<\/section>\n\t\t\t\t<section class=\"elementor-section elementor-top-section elementor-element elementor-element-407968f elementor-section-boxed elementor-section-height-default elementor-section-height-default\" data-id=\"407968f\" data-element_type=\"section\" data-e-type=\"section\">\n\t\t\t\t\t\t<div class=\"elementor-container elementor-column-gap-default\">\n\t\t\t\t\t<div class=\"elementor-column elementor-col-33 elementor-top-column elementor-element elementor-element-935bea4\" data-id=\"935bea4\" data-element_type=\"column\" data-e-type=\"column\">\n\t\t\t<div class=\"elementor-widget-wrap elementor-element-populated\">\n\t\t\t\t\t\t<div class=\"elementor-element elementor-element-5c6a080 elementor-widget__width-initial elementor-widget elementor-widget-image\" data-id=\"5c6a080\" data-element_type=\"widget\" data-e-type=\"widget\" data-widget_type=\"image.default\">\n\t\t\t\t<div class=\"elementor-widget-container\">\n\t\t\t\t\t\t\t\t\t\t\t\t\t\t\t<img decoding=\"async\" width=\"1024\" height=\"530\" src=\"https:\/\/cliniccenter.eu\/wp-content\/uploads\/2022\/02\/Francesco-Morgera-Cardiologo-DSCF2343-5-min-1024x530.jpg\" class=\"attachment-large size-large wp-image-19137\" alt=\"\" srcset=\"https:\/\/cliniccenter.eu\/wp-content\/uploads\/2022\/02\/Francesco-Morgera-Cardiologo-DSCF2343-5-min-1024x530.jpg 1024w, https:\/\/cliniccenter.eu\/wp-content\/uploads\/2022\/02\/Francesco-Morgera-Cardiologo-DSCF2343-5-min-300x155.jpg 300w, https:\/\/cliniccenter.eu\/wp-content\/uploads\/2022\/02\/Francesco-Morgera-Cardiologo-DSCF2343-5-min-768x397.jpg 768w, https:\/\/cliniccenter.eu\/wp-content\/uploads\/2022\/02\/Francesco-Morgera-Cardiologo-DSCF2343-5-min-580x300.jpg 580w, https:\/\/cliniccenter.eu\/wp-content\/uploads\/2022\/02\/Francesco-Morgera-Cardiologo-DSCF2343-5-min-860x445.jpg 860w, https:\/\/cliniccenter.eu\/wp-content\/uploads\/2022\/02\/Francesco-Morgera-Cardiologo-DSCF2343-5-min-1160x600.jpg 1160w\" sizes=\"(max-width: 1024px) 100vw, 1024px\" \/>\t\t\t\t\t\t\t\t\t\t\t\t\t\t\t<\/div>\n\t\t\t\t<\/div>\n\t\t\t\t\t<\/div>\n\t\t<\/div>\n\t\t\t\t<div class=\"elementor-column elementor-col-33 elementor-top-column elementor-element elementor-element-4e6cd48\" data-id=\"4e6cd48\" data-element_type=\"column\" data-e-type=\"column\">\n\t\t\t<div class=\"elementor-widget-wrap elementor-element-populated\">\n\t\t\t\t\t\t<div class=\"elementor-element elementor-element-1e9b66d elementor-widget elementor-widget-text-editor\" data-id=\"1e9b66d\" data-element_type=\"widget\" data-e-type=\"widget\" data-widget_type=\"text-editor.default\">\n\t\t\t\t<div class=\"elementor-widget-container\">\n\t\t\t\t\t\t\t\t\t<header class=\"cmsmasters_profile_header entry-header\"><h3 class=\"cmsmasters_profile_title entry-title\"><a href=\"https:\/\/cliniccenter.eu\/index.php\/profile\/dott-francesco-morgera\/\">Dott. Francesco Morgera (Cardiologo)<\/a><\/h3><h6 class=\"cmsmasters_profile_subtitle\">Responsabile Cardiologia Riabilitativa 4\u00b0Raggruppamento<\/h6><\/header>\t\t\t\t\t\t\t\t<\/div>\n\t\t\t\t<\/div>\n\t\t\t\t\t<\/div>\n\t\t<\/div>\n\t\t\t\t<div class=\"elementor-column elementor-col-33 elementor-top-column elementor-element elementor-element-04f42fc\" data-id=\"04f42fc\" data-element_type=\"column\" data-e-type=\"column\">\n\t\t\t<div class=\"elementor-widget-wrap elementor-element-populated\">\n\t\t\t\t\t\t<div class=\"elementor-element elementor-element-972ce44 elementor-widget elementor-widget-text-editor\" data-id=\"972ce44\" data-element_type=\"widget\" data-e-type=\"widget\" data-widget_type=\"text-editor.default\">\n\t\t\t\t<div class=\"elementor-widget-container\">\n\t\t\t\t\t\t\t\t\t<header class=\"cmsmasters_profile_header entry-header\"><h6 class=\"cmsmasters_profile_subtitle\"><a class=\"cmsmasters-icon-mail\" style=\"font-size: 16px;\" title=\"Invia una mail\" href=\"mailto:francesco.morgera@cliniccenter.it\">Invia una mail<\/a><\/h6><p><a class=\"cmsmasters-icon-phone-1\" style=\"font-size: 16px;\" title=\"+39 81 715.56.19\" href=\"http:\/\/+39%2081%20715.56.19\/\">+39 081 715.56.19<\/a><\/p><p><a class=\"cmsmasters-icon-phone-4\" style=\"font-size: 16px;\" title=\"Direct Line 081.715.57.74\" href=\"http:\/\/direct%20line%20081.715.57.74\/\">Direct Line 081.715.57.74<\/a><\/p><\/header>\t\t\t\t\t\t\t\t<\/div>\n\t\t\t\t<\/div>\n\t\t\t\t\t<\/div>\n\t\t<\/div>\n\t\t\t\t\t<\/div>\n\t\t<\/section>\n\t\t\t\t<\/div>\n\t\t","protected":false},"excerpt":{"rendered":"<p>CARDIOLOGIA L\u2019Organizzazione Mondiale della Sanit\u00e0 (OMS) ha definito la cardiologia riabilitativa (CR) come un processo multifattoriale attivo e dinamico. Tale processo ha il fine di favorire la stabilit\u00e0 clinica, di ridurre le disabilit\u00e0 conseguenti alla malattia, di sostenere il mantenimento e la ripresa di un ruolo attivo del paziente nella societ\u00e0. Ulteriore obiettivo \u00e8 quello&#8230;<\/p>\n","protected":false},"author":4,"featured_media":0,"parent":0,"menu_order":0,"comment_status":"closed","ping_status":"closed","template":"elementor_header_footer","meta":{"footnotes":""},"class_list":["post-22547","page","type-page","status-publish","hentry"],"yoast_head":"<!-- This site is optimized with the Yoast SEO plugin v27.4 - https:\/\/yoast.com\/product\/yoast-seo-wordpress\/ -->\n<title>Cardiologia | Clinic center<\/title>\n<meta name=\"robots\" content=\"index, follow, max-snippet:-1, max-image-preview:large, max-video-preview:-1\" \/>\n<link rel=\"canonical\" href=\"https:\/\/cliniccenter.eu\/cardiologia\/\" \/>\n<meta property=\"og:locale\" content=\"it_IT\" \/>\n<meta property=\"og:type\" content=\"article\" \/>\n<meta property=\"og:title\" content=\"Cardiologia | Clinic center\" \/>\n<meta property=\"og:description\" content=\"CARDIOLOGIA L\u2019Organizzazione Mondiale della Sanit\u00e0 (OMS) ha definito la cardiologia riabilitativa (CR) come un processo multifattoriale attivo e dinamico. Tale processo ha il fine di favorire la stabilit\u00e0 clinica, di ridurre le disabilit\u00e0 conseguenti alla malattia, di sostenere il mantenimento e la ripresa di un ruolo attivo del paziente nella societ\u00e0. Ulteriore obiettivo \u00e8 quello...\" \/>\n<meta property=\"og:url\" content=\"https:\/\/cliniccenter.eu\/cardiologia\/\" \/>\n<meta property=\"og:site_name\" content=\"Clinic center\" \/>\n<meta property=\"article:publisher\" content=\"https:\/\/www.facebook.com\/cliniccenter.it\/\" \/>\n<meta property=\"article:modified_time\" content=\"2025-03-12T18:21:46+00:00\" \/>\n<meta property=\"og:image\" content=\"https:\/\/cliniccenter.eu\/wp-content\/uploads\/2019\/10\/cardiogram-chart-with-red-heart-and-stethoscope-P78HKPW-min.jpg\" \/>\n<meta name=\"twitter:card\" content=\"summary_large_image\" \/>\n<meta name=\"twitter:label1\" content=\"Tempo di lettura stimato\" \/>\n\t<meta name=\"twitter:data1\" content=\"2 minuti\" \/>\n<script type=\"application\/ld+json\" class=\"yoast-schema-graph\">{\"@context\":\"https:\\\/\\\/schema.org\",\"@graph\":[{\"@type\":\"WebPage\",\"@id\":\"https:\\\/\\\/cliniccenter.eu\\\/cardiologia\\\/\",\"url\":\"https:\\\/\\\/cliniccenter.eu\\\/cardiologia\\\/\",\"name\":\"Cardiologia | Clinic center\",\"isPartOf\":{\"@id\":\"https:\\\/\\\/cliniccenter.eu\\\/#website\"},\"primaryImageOfPage\":{\"@id\":\"https:\\\/\\\/cliniccenter.eu\\\/cardiologia\\\/#primaryimage\"},\"image\":{\"@id\":\"https:\\\/\\\/cliniccenter.eu\\\/cardiologia\\\/#primaryimage\"},\"thumbnailUrl\":\"https:\\\/\\\/cliniccenter.eu\\\/wp-content\\\/uploads\\\/2019\\\/10\\\/cardiogram-chart-with-red-heart-and-stethoscope-P78HKPW-min.jpg\",\"datePublished\":\"2025-03-12T17:43:44+00:00\",\"dateModified\":\"2025-03-12T18:21:46+00:00\",\"breadcrumb\":{\"@id\":\"https:\\\/\\\/cliniccenter.eu\\\/cardiologia\\\/#breadcrumb\"},\"inLanguage\":\"it-IT\",\"potentialAction\":[{\"@type\":\"ReadAction\",\"target\":[\"https:\\\/\\\/cliniccenter.eu\\\/cardiologia\\\/\"]}]},{\"@type\":\"ImageObject\",\"inLanguage\":\"it-IT\",\"@id\":\"https:\\\/\\\/cliniccenter.eu\\\/cardiologia\\\/#primaryimage\",\"url\":\"https:\\\/\\\/cliniccenter.eu\\\/wp-content\\\/uploads\\\/2019\\\/10\\\/cardiogram-chart-with-red-heart-and-stethoscope-P78HKPW-min.jpg\",\"contentUrl\":\"https:\\\/\\\/cliniccenter.eu\\\/wp-content\\\/uploads\\\/2019\\\/10\\\/cardiogram-chart-with-red-heart-and-stethoscope-P78HKPW-min.jpg\",\"width\":900,\"height\":601},{\"@type\":\"BreadcrumbList\",\"@id\":\"https:\\\/\\\/cliniccenter.eu\\\/cardiologia\\\/#breadcrumb\",\"itemListElement\":[{\"@type\":\"ListItem\",\"position\":1,\"name\":\"Home\",\"item\":\"https:\\\/\\\/cliniccenter.eu\\\/\"},{\"@type\":\"ListItem\",\"position\":2,\"name\":\"Cardiologia\"}]},{\"@type\":\"WebSite\",\"@id\":\"https:\\\/\\\/cliniccenter.eu\\\/#website\",\"url\":\"https:\\\/\\\/cliniccenter.eu\\\/\",\"name\":\"Clinic Center\",\"description\":\"La riabilitazione in Campania\",\"publisher\":{\"@id\":\"https:\\\/\\\/cliniccenter.eu\\\/#organization\"},\"potentialAction\":[{\"@type\":\"SearchAction\",\"target\":{\"@type\":\"EntryPoint\",\"urlTemplate\":\"https:\\\/\\\/cliniccenter.eu\\\/?s={search_term_string}\"},\"query-input\":{\"@type\":\"PropertyValueSpecification\",\"valueRequired\":true,\"valueName\":\"search_term_string\"}}],\"inLanguage\":\"it-IT\"},{\"@type\":\"Organization\",\"@id\":\"https:\\\/\\\/cliniccenter.eu\\\/#organization\",\"name\":\"Clinic Center\",\"url\":\"https:\\\/\\\/cliniccenter.eu\\\/\",\"logo\":{\"@type\":\"ImageObject\",\"inLanguage\":\"it-IT\",\"@id\":\"https:\\\/\\\/cliniccenter.eu\\\/#\\\/schema\\\/logo\\\/image\\\/\",\"url\":\"https:\\\/\\\/cliniccenter.eu\\\/wp-content\\\/uploads\\\/2019\\\/08\\\/Risorsa-2@2x.png\",\"contentUrl\":\"https:\\\/\\\/cliniccenter.eu\\\/wp-content\\\/uploads\\\/2019\\\/08\\\/Risorsa-2@2x.png\",\"width\":422,\"height\":82,\"caption\":\"Clinic Center\"},\"image\":{\"@id\":\"https:\\\/\\\/cliniccenter.eu\\\/#\\\/schema\\\/logo\\\/image\\\/\"},\"sameAs\":[\"https:\\\/\\\/www.facebook.com\\\/cliniccenter.it\\\/\",\"https:\\\/\\\/www.youtube.com\\\/channel\\\/UCY8xchH0TxjUTjE2JNhCFrA\"]}]}<\/script>\n<!-- \/ Yoast SEO plugin. -->","yoast_head_json":{"title":"Cardiologia | Clinic center","robots":{"index":"index","follow":"follow","max-snippet":"max-snippet:-1","max-image-preview":"max-image-preview:large","max-video-preview":"max-video-preview:-1"},"canonical":"https:\/\/cliniccenter.eu\/cardiologia\/","og_locale":"it_IT","og_type":"article","og_title":"Cardiologia | Clinic center","og_description":"CARDIOLOGIA L\u2019Organizzazione Mondiale della Sanit\u00e0 (OMS) ha definito la cardiologia riabilitativa (CR) come un processo multifattoriale attivo e dinamico. Tale processo ha il fine di favorire la stabilit\u00e0 clinica, di ridurre le disabilit\u00e0 conseguenti alla malattia, di sostenere il mantenimento e la ripresa di un ruolo attivo del paziente nella societ\u00e0. Ulteriore obiettivo \u00e8 quello...","og_url":"https:\/\/cliniccenter.eu\/cardiologia\/","og_site_name":"Clinic center","article_publisher":"https:\/\/www.facebook.com\/cliniccenter.it\/","article_modified_time":"2025-03-12T18:21:46+00:00","og_image":[{"url":"https:\/\/cliniccenter.eu\/wp-content\/uploads\/2019\/10\/cardiogram-chart-with-red-heart-and-stethoscope-P78HKPW-min.jpg","type":"","width":"","height":""}],"twitter_card":"summary_large_image","twitter_misc":{"Tempo di lettura stimato":"2 minuti"},"schema":{"@context":"https:\/\/schema.org","@graph":[{"@type":"WebPage","@id":"https:\/\/cliniccenter.eu\/cardiologia\/","url":"https:\/\/cliniccenter.eu\/cardiologia\/","name":"Cardiologia | Clinic center","isPartOf":{"@id":"https:\/\/cliniccenter.eu\/#website"},"primaryImageOfPage":{"@id":"https:\/\/cliniccenter.eu\/cardiologia\/#primaryimage"},"image":{"@id":"https:\/\/cliniccenter.eu\/cardiologia\/#primaryimage"},"thumbnailUrl":"https:\/\/cliniccenter.eu\/wp-content\/uploads\/2019\/10\/cardiogram-chart-with-red-heart-and-stethoscope-P78HKPW-min.jpg","datePublished":"2025-03-12T17:43:44+00:00","dateModified":"2025-03-12T18:21:46+00:00","breadcrumb":{"@id":"https:\/\/cliniccenter.eu\/cardiologia\/#breadcrumb"},"inLanguage":"it-IT","potentialAction":[{"@type":"ReadAction","target":["https:\/\/cliniccenter.eu\/cardiologia\/"]}]},{"@type":"ImageObject","inLanguage":"it-IT","@id":"https:\/\/cliniccenter.eu\/cardiologia\/#primaryimage","url":"https:\/\/cliniccenter.eu\/wp-content\/uploads\/2019\/10\/cardiogram-chart-with-red-heart-and-stethoscope-P78HKPW-min.jpg","contentUrl":"https:\/\/cliniccenter.eu\/wp-content\/uploads\/2019\/10\/cardiogram-chart-with-red-heart-and-stethoscope-P78HKPW-min.jpg","width":900,"height":601},{"@type":"BreadcrumbList","@id":"https:\/\/cliniccenter.eu\/cardiologia\/#breadcrumb","itemListElement":[{"@type":"ListItem","position":1,"name":"Home","item":"https:\/\/cliniccenter.eu\/"},{"@type":"ListItem","position":2,"name":"Cardiologia"}]},{"@type":"WebSite","@id":"https:\/\/cliniccenter.eu\/#website","url":"https:\/\/cliniccenter.eu\/","name":"Clinic Center","description":"La riabilitazione in Campania","publisher":{"@id":"https:\/\/cliniccenter.eu\/#organization"},"potentialAction":[{"@type":"SearchAction","target":{"@type":"EntryPoint","urlTemplate":"https:\/\/cliniccenter.eu\/?s={search_term_string}"},"query-input":{"@type":"PropertyValueSpecification","valueRequired":true,"valueName":"search_term_string"}}],"inLanguage":"it-IT"},{"@type":"Organization","@id":"https:\/\/cliniccenter.eu\/#organization","name":"Clinic Center","url":"https:\/\/cliniccenter.eu\/","logo":{"@type":"ImageObject","inLanguage":"it-IT","@id":"https:\/\/cliniccenter.eu\/#\/schema\/logo\/image\/","url":"https:\/\/cliniccenter.eu\/wp-content\/uploads\/2019\/08\/Risorsa-2@2x.png","contentUrl":"https:\/\/cliniccenter.eu\/wp-content\/uploads\/2019\/08\/Risorsa-2@2x.png","width":422,"height":82,"caption":"Clinic Center"},"image":{"@id":"https:\/\/cliniccenter.eu\/#\/schema\/logo\/image\/"},"sameAs":["https:\/\/www.facebook.com\/cliniccenter.it\/","https:\/\/www.youtube.com\/channel\/UCY8xchH0TxjUTjE2JNhCFrA"]}]}},"rttpg_featured_image_url":null,"rttpg_author":{"display_name":"Clinic Center","author_link":"https:\/\/cliniccenter.eu\/author\/felice-balsamo\/"},"rttpg_comment":0,"rttpg_category":null,"rttpg_excerpt":"CARDIOLOGIA L\u2019Organizzazione Mondiale della Sanit\u00e0 (OMS) ha definito la cardiologia riabilitativa (CR) come un processo multifattoriale attivo e dinamico. Tale processo ha il fine di favorire la stabilit\u00e0 clinica, di ridurre le disabilit\u00e0 conseguenti alla malattia, di sostenere il mantenimento e la ripresa di un ruolo attivo del paziente nella societ\u00e0. Ulteriore obiettivo \u00e8 quello...","_links":{"self":[{"href":"https:\/\/cliniccenter.eu\/wp-json\/wp\/v2\/pages\/22547","targetHints":{"allow":["GET"]}}],"collection":[{"href":"https:\/\/cliniccenter.eu\/wp-json\/wp\/v2\/pages"}],"about":[{"href":"https:\/\/cliniccenter.eu\/wp-json\/wp\/v2\/types\/page"}],"author":[{"embeddable":true,"href":"https:\/\/cliniccenter.eu\/wp-json\/wp\/v2\/users\/4"}],"replies":[{"embeddable":true,"href":"https:\/\/cliniccenter.eu\/wp-json\/wp\/v2\/comments?post=22547"}],"version-history":[{"count":0,"href":"https:\/\/cliniccenter.eu\/wp-json\/wp\/v2\/pages\/22547\/revisions"}],"wp:attachment":[{"href":"https:\/\/cliniccenter.eu\/wp-json\/wp\/v2\/media?parent=22547"}],"curies":[{"name":"wp","href":"https:\/\/api.w.org\/{rel}","templated":true}]}}